{"id":16,"date":"2025-06-10T14:24:09","date_gmt":"2025-06-10T12:24:09","guid":{"rendered":"https:\/\/lurgenceenambulance.fr\/?page_id=16"},"modified":"2025-06-22T22:51:13","modified_gmt":"2025-06-22T20:51:13","slug":"hemorragie","status":"publish","type":"page","link":"https:\/\/lurgenceenambulance.fr\/index.php\/hemorragie\/","title":{"rendered":"H\u00c9MORRAGIE"},"content":{"rendered":"\n<ul class=\"wp-block-list\">\n<li class=\"has-custom-color-1-color has-text-color has-link-color wp-elements-87a2462d2fe2b10d5258bf065d69c84b\">Se prot\u00e9ger les mains par des <strong>gants \u00e0 usage unique<\/strong>.<\/li>\n\n\n\n<li class=\"has-custom-color-1-color has-text-color has-link-color wp-elements-e82bb17dbc2c01114d2ee16693134f67\">Arr\u00eater imm\u00e9diatement l&rsquo;h\u00e9morragie en demandant \u00e0 la victime d\u2019effectuer une <strong>compression<\/strong> manuelle ou la faire soit m\u00eame.<\/li>\n\n\n\n<li class=\"has-custom-color-1-color has-text-color has-link-color wp-elements-a5bc411644632e189e3a56dfb5d76d62\">Mettre en place un pansement compressif (ou un garrot si cela est impossible).<\/li>\n\n\n\n<li class=\"has-custom-color-1-color has-text-color has-link-color wp-elements-23efed5ba19d7dbd62836d3016c9fa98\"><strong>Allonger<\/strong> et <strong>couvrir<\/strong> la victime<\/li>\n\n\n\n<li class=\"has-custom-color-1-color has-text-color has-link-color wp-elements-8c007b0284600f9269e87d7933ceb08e\">Mettre en place de l\u2019O2 en fonction des signes cliniques de d\u00e9tresse circulatoire.<\/li>\n<\/ul>\n\n\n\n<figure class=\"wp-block-image size-full\"><img loading=\"lazy\" decoding=\"async\" width=\"866\" height=\"696\" src=\"https:\/\/lurgenceenambulance.fr\/wp-content\/uploads\/2025\/06\/Capture-decran-2025-06-10-a-14.23.43.png\" alt=\"\" class=\"wp-image-17\" srcset=\"https:\/\/lurgenceenambulance.fr\/wp-content\/uploads\/2025\/06\/Capture-decran-2025-06-10-a-14.23.43.png 866w, https:\/\/lurgenceenambulance.fr\/wp-content\/uploads\/2025\/06\/Capture-decran-2025-06-10-a-14.23.43-300x241.png 300w, https:\/\/lurgenceenambulance.fr\/wp-content\/uploads\/2025\/06\/Capture-decran-2025-06-10-a-14.23.43-768x617.png 768w\" sizes=\"auto, (max-width: 866px) 100vw, 866px\" \/><\/figure>\n","protected":false},"excerpt":{"rendered":"","protected":false},"author":1,"featured_media":0,"parent":0,"menu_order":0,"comment_status":"closed","ping_status":"closed","template":"","meta":{"footnotes":""},"class_list":["post-16","page","type-page","status-publish","hentry"],"_links":{"self":[{"href":"https:\/\/lurgenceenambulance.fr\/index.php\/wp-json\/wp\/v2\/pages\/16","targetHints":{"allow":["GET"]}}],"collection":[{"href":"https:\/\/lurgenceenambulance.fr\/index.php\/wp-json\/wp\/v2\/pages"}],"about":[{"href":"https:\/\/lurgenceenambulance.fr\/index.php\/wp-json\/wp\/v2\/types\/page"}],"author":[{"embeddable":true,"href":"https:\/\/lurgenceenambulance.fr\/index.php\/wp-json\/wp\/v2\/users\/1"}],"replies":[{"embeddable":true,"href":"https:\/\/lurgenceenambulance.fr\/index.php\/wp-json\/wp\/v2\/comments?post=16"}],"version-history":[{"count":6,"href":"https:\/\/lurgenceenambulance.fr\/index.php\/wp-json\/wp\/v2\/pages\/16\/revisions"}],"predecessor-version":[{"id":68,"href":"https:\/\/lurgenceenambulance.fr\/index.php\/wp-json\/wp\/v2\/pages\/16\/revisions\/68"}],"wp:attachment":[{"href":"https:\/\/lurgenceenambulance.fr\/index.php\/wp-json\/wp\/v2\/media?parent=16"}],"curies":[{"name":"wp","href":"https:\/\/api.w.org\/{rel}","templated":true}]}}