{"id":19,"date":"2025-06-10T14:25:24","date_gmt":"2025-06-10T12:25:24","guid":{"rendered":"https:\/\/lurgenceenambulance.fr\/?page_id=19"},"modified":"2025-06-20T20:42:10","modified_gmt":"2025-06-20T18:42:10","slug":"traumatismes","status":"publish","type":"page","link":"https:\/\/lurgenceenambulance.fr\/index.php\/traumatismes\/","title":{"rendered":"TRAUMATISMES"},"content":{"rendered":"\n<h2 class=\"wp-block-heading has-custom-color-1-color has-text-color has-link-color wp-elements-176a1b89cb60b35f12d2033b7611ccf5\"><br><strong>En cas de traumatisme du cr\u00e2ne et suspicion traumatisme du rachis:<\/strong><\/h2>\n\n\n\n<ul class=\"wp-block-list has-custom-color-1-color has-text-color has-link-color wp-elements-35801db56eefe59fc90a28935870849f\">\n<li class=\"has-custom-color-1-color has-text-color has-link-color wp-elements-caef0acc3567b14415b7b9c0366432f0\">Effectuer un <strong>maintien t\u00eate<\/strong>.<\/li>\n\n\n\n<li class=\"has-custom-color-1-color has-text-color has-link-color wp-elements-f14c038b9a1f349d93d260b705a88aef\">Retirer le casque de protection si la victime en est \u00e9quip\u00e9e.<\/li>\n\n\n\n<li class=\"has-custom-color-1-color has-text-color has-link-color wp-elements-11cf097b53f5f6bc1bc93c399ee06899\">Si la victime est orient\u00e9e et coop\u00e9rative le maintient t\u00eate peut \u00eatre l\u00e2ch\u00e9 apr\u00e8s avoir clairement indiqu\u00e9 \u00e0 la victime de ne pas bouger (le reprendre d\u00e8s que la victime doit \u00eatre manipul\u00e9e)<\/li>\n\n\n\n<li class=\"has-custom-color-1-color has-text-color has-link-color wp-elements-20821cb6390da4f40a6393680b59e246\"><strong>Couvrir<\/strong> la victime et effectuer un bilan complet.<\/li>\n\n\n\n<li>On pourra poser un collier cervical pour un <strong>relevage<\/strong> ou une <strong>extraction difficile<\/strong>.<\/li>\n<\/ul>\n\n\n\n<figure class=\"wp-block-image size-large\"><img loading=\"lazy\" decoding=\"async\" width=\"538\" height=\"1024\" src=\"https:\/\/lurgenceenambulance.fr\/wp-content\/uploads\/2025\/06\/Capture-decran-2025-06-10-a-14.25.09-538x1024.png\" alt=\"\" class=\"wp-image-20\" srcset=\"https:\/\/lurgenceenambulance.fr\/wp-content\/uploads\/2025\/06\/Capture-decran-2025-06-10-a-14.25.09-538x1024.png 538w, https:\/\/lurgenceenambulance.fr\/wp-content\/uploads\/2025\/06\/Capture-decran-2025-06-10-a-14.25.09-158x300.png 158w, https:\/\/lurgenceenambulance.fr\/wp-content\/uploads\/2025\/06\/Capture-decran-2025-06-10-a-14.25.09.png 638w\" sizes=\"auto, (max-width: 538px) 100vw, 538px\" \/><\/figure>\n","protected":false},"excerpt":{"rendered":"<p>En cas de traumatisme du cr\u00e2ne et suspicion traumatisme du rachis:<\/p>\n","protected":false},"author":1,"featured_media":0,"parent":0,"menu_order":0,"comment_status":"closed","ping_status":"closed","template":"","meta":{"footnotes":""},"class_list":["post-19","page","type-page","status-publish","hentry"],"_links":{"self":[{"href":"https:\/\/lurgenceenambulance.fr\/index.php\/wp-json\/wp\/v2\/pages\/19","targetHints":{"allow":["GET"]}}],"collection":[{"href":"https:\/\/lurgenceenambulance.fr\/index.php\/wp-json\/wp\/v2\/pages"}],"about":[{"href":"https:\/\/lurgenceenambulance.fr\/index.php\/wp-json\/wp\/v2\/types\/page"}],"author":[{"embeddable":true,"href":"https:\/\/lurgenceenambulance.fr\/index.php\/wp-json\/wp\/v2\/users\/1"}],"replies":[{"embeddable":true,"href":"https:\/\/lurgenceenambulance.fr\/index.php\/wp-json\/wp\/v2\/comments?post=19"}],"version-history":[{"count":5,"href":"https:\/\/lurgenceenambulance.fr\/index.php\/wp-json\/wp\/v2\/pages\/19\/revisions"}],"predecessor-version":[{"id":63,"href":"https:\/\/lurgenceenambulance.fr\/index.php\/wp-json\/wp\/v2\/pages\/19\/revisions\/63"}],"wp:attachment":[{"href":"https:\/\/lurgenceenambulance.fr\/index.php\/wp-json\/wp\/v2\/media?parent=19"}],"curies":[{"name":"wp","href":"https:\/\/api.w.org\/{rel}","templated":true}]}}