{"id":22,"date":"2025-06-10T14:27:25","date_gmt":"2025-06-10T12:27:25","guid":{"rendered":"https:\/\/lurgenceenambulance.fr\/?page_id=22"},"modified":"2025-06-25T20:49:55","modified_gmt":"2025-06-25T18:49:55","slug":"inconscience","status":"publish","type":"page","link":"https:\/\/lurgenceenambulance.fr\/index.php\/inconscience\/","title":{"rendered":"INCONSCIENCE"},"content":{"rendered":"\n<h2 class=\"wp-block-heading has-custom-color-1-color has-text-color has-link-color wp-elements-828f48a532d444c230079f9bad5781f0\"><strong>Marche \u00e0 suivre pour une personne inconsciente qui respire<\/strong>:<\/h2>\n\n\n\n<p><\/p>\n\n\n\n<ul class=\"wp-block-list has-custom-color-1-color has-text-color has-link-color wp-elements-5bf9e18dfe7103e11ff551273e228c61\">\n<li>Stimuler la victime puis r\u00e9aliser une <strong>Lib\u00e9ration des Voix A\u00e9riennes<\/strong>, contr\u00f4ler la respiration sur 10sec (si doute, contr\u00f4ler un pouls carotidien)<\/li>\n\n\n\n<li>Effectuer un <strong>test \u00e0 la douleur<\/strong>.<\/li>\n\n\n\n<li class=\"has-custom-color-1-color has-text-color has-link-color wp-elements-bea20163613ccc1274386340c9337e13\">Placer la victime en position lat\u00e9rale de s\u00e9curit\u00e9 pour maintenir la libert\u00e9 des voies a\u00e9riennes, <strong>re-contr\u00f4ler<\/strong> la respiration.<\/li>\n\n\n\n<li class=\"has-custom-color-1-color has-text-color has-link-color wp-elements-16126a8267f169a5b2b7808c800674b8\">R\u00e9aliser une aspiration des s\u00e9cr\u00e9tions si la victime pr\u00e9sente des signes d&rsquo;encombrement des voies a\u00e9riennes sup\u00e9rieures.<\/li>\n\n\n\n<li class=\"has-custom-color-1-color has-text-color has-link-color wp-elements-6b80c86ab4589da120bf604c3e230419\"><strong>Couvrir<\/strong>, surveiller et <strong>stimuler<\/strong> (test \u00e0 la douleur\u2026)<\/li>\n<\/ul>\n\n\n\n<figure class=\"wp-block-image size-large\"><img loading=\"lazy\" decoding=\"async\" width=\"1024\" height=\"565\" src=\"https:\/\/lurgenceenambulance.fr\/wp-content\/uploads\/2025\/06\/Capture-decran-2025-06-10-a-14.26.49-1024x565.png\" alt=\"\" class=\"wp-image-23\" srcset=\"https:\/\/lurgenceenambulance.fr\/wp-content\/uploads\/2025\/06\/Capture-decran-2025-06-10-a-14.26.49-1024x565.png 1024w, https:\/\/lurgenceenambulance.fr\/wp-content\/uploads\/2025\/06\/Capture-decran-2025-06-10-a-14.26.49-300x165.png 300w, https:\/\/lurgenceenambulance.fr\/wp-content\/uploads\/2025\/06\/Capture-decran-2025-06-10-a-14.26.49-768x423.png 768w, https:\/\/lurgenceenambulance.fr\/wp-content\/uploads\/2025\/06\/Capture-decran-2025-06-10-a-14.26.49.png 1440w\" sizes=\"auto, (max-width: 1024px) 100vw, 1024px\" \/><\/figure>\n\n\n\n<p class=\"has-custom-color-1-color has-text-color has-link-color has-medium-font-size wp-elements-da1fad25b2ac3a2121c3c34d2f3f8028\"><strong><em>Si suspicion d\u2019un traumatisme du rachis:<\/em><\/strong><\/p>\n\n\n\n<p class=\"has-custom-color-1-color has-text-color has-link-color wp-elements-961945a90d39748dcf70fd520675d9dc\">La pls s\u2019effectuera \u00e0 2 secouristes, <strong>si respiration difficile ou demande du SAMU<\/strong>, dont un qui sera au maintien t\u00eate. Le secouriste \u00e0 la t\u00eate donnera les ordres pour permettre une bonne immobilisation du rachis tout au long de la proc\u00e9dure.<\/p>\n","protected":false},"excerpt":{"rendered":"<p>Marche \u00e0 suivre pour une personne inconsciente qui respire: Si suspicion d\u2019un traumatisme du rachis: La pls s\u2019effectuera \u00e0 2 secouristes, si respiration difficile ou demande du SAMU, dont un qui sera au maintien t\u00eate. Le secouriste \u00e0 la t\u00eate donnera les ordres pour permettre une bonne immobilisation du rachis tout au long de la [&hellip;]<\/p>\n","protected":false},"author":1,"featured_media":0,"parent":0,"menu_order":0,"comment_status":"closed","ping_status":"closed","template":"","meta":{"footnotes":""},"class_list":["post-22","page","type-page","status-publish","hentry"],"_links":{"self":[{"href":"https:\/\/lurgenceenambulance.fr\/index.php\/wp-json\/wp\/v2\/pages\/22","targetHints":{"allow":["GET"]}}],"collection":[{"href":"https:\/\/lurgenceenambulance.fr\/index.php\/wp-json\/wp\/v2\/pages"}],"about":[{"href":"https:\/\/lurgenceenambulance.fr\/index.php\/wp-json\/wp\/v2\/types\/page"}],"author":[{"embeddable":true,"href":"https:\/\/lurgenceenambulance.fr\/index.php\/wp-json\/wp\/v2\/users\/1"}],"replies":[{"embeddable":true,"href":"https:\/\/lurgenceenambulance.fr\/index.php\/wp-json\/wp\/v2\/comments?post=22"}],"version-history":[{"count":9,"href":"https:\/\/lurgenceenambulance.fr\/index.php\/wp-json\/wp\/v2\/pages\/22\/revisions"}],"predecessor-version":[{"id":74,"href":"https:\/\/lurgenceenambulance.fr\/index.php\/wp-json\/wp\/v2\/pages\/22\/revisions\/74"}],"wp:attachment":[{"href":"https:\/\/lurgenceenambulance.fr\/index.php\/wp-json\/wp\/v2\/media?parent=22"}],"curies":[{"name":"wp","href":"https:\/\/api.w.org\/{rel}","templated":true}]}}