{"id":25,"date":"2025-06-10T14:33:12","date_gmt":"2025-06-10T12:33:12","guid":{"rendered":"https:\/\/lurgenceenambulance.fr\/?page_id=25"},"modified":"2025-06-25T20:51:03","modified_gmt":"2025-06-25T18:51:03","slug":"rcp","status":"publish","type":"page","link":"https:\/\/lurgenceenambulance.fr\/index.php\/rcp\/","title":{"rendered":"RCP"},"content":{"rendered":"\n<h2 class=\"wp-block-heading has-custom-color-1-color has-text-color has-link-color wp-elements-df011862ef7ee872035eda9917e8f0e5\"><br><strong>Arr\u00eat cardio-respiratoire chez l\u2019adulte:<\/strong><\/h2>\n\n\n\n<ul class=\"wp-block-list\">\n<li class=\"has-custom-color-1-color has-text-color has-link-color wp-elements-890eed87bc39af51d711ec6c2d5aca0f\">D\u00e9buter imm\u00e9diatement une RCP en r\u00e9p\u00e9tant des cycles de <strong>30 compressions<\/strong> thoraciques suivies de <strong>2 insufflations<\/strong> (O2: 15L).<\/li>\n\n\n\n<li class=\"has-custom-color-1-color has-text-color has-link-color wp-elements-7bdc3d2af8297d7f9a10ca4c50926d58\">Mettre en place le plus t\u00f4t possible le <strong>DSA<\/strong> et suivre les indications de l&rsquo;appareil.<\/li>\n\n\n\n<li class=\"has-custom-color-1-color has-text-color has-link-color wp-elements-f28febde8751a445db998fa86c913895\">Poursuivre la RCP jusqu&rsquo;\u00e0 ce que le DSA demande son interruption, reprendre la RCP imm\u00e9diatement apr\u00e8s la d\u00e9livrance ou non d&rsquo;un choc \u00e9lectrique sans attendre les instructions vocales du DSA.<\/li>\n\n\n\n<li class=\"has-custom-color-1-color has-text-color has-link-color wp-elements-2d29e579acb79d623f40137b22682307\"><strong>Appeler<\/strong> le SAMU une fois le DSA pos\u00e9.<\/li>\n\n\n\n<li class=\"has-custom-color-1-color has-text-color has-link-color wp-elements-5254193f25690426457df022a1ab7ede\">R\u00e9aliser une aspiration des s\u00e9cr\u00e9tions, si n\u00e9cessaire (<strong>l\u2019\u00e9quiper \u00e0 la t\u00eate portera des gants!<\/strong>)<\/li>\n\n\n\n<li class=\"has-custom-color-1-color has-text-color has-link-color wp-elements-e7fc7363c7f04d299d0e76a21a359eb2\">(Pour assurer une RCP efficace, les secouristes doivent se relayer toutes les deux minutes. Ce changement sera effectu\u00e9 lors de l&rsquo;analyse du rythme cardiaque par le DSA)<\/li>\n<\/ul>\n\n\n\n<h2 class=\"wp-block-heading has-custom-color-1-color has-text-color has-link-color wp-elements-2464a90aed20e06f083760d6d2fe803a\"><br><strong>Arr\u00eat cardio-respiratoire chez l\u2019enfant ou le nourrisson:<\/strong><\/h2>\n\n\n\n<ul class=\"wp-block-list\">\n<li class=\"has-custom-color-1-color has-text-color has-link-color wp-elements-50b4092b9bcb76f46993775d322a8769\">R\u00e9aliser imm\u00e9diatement 5 insufflations starter: air ambiant (en restant attentif \u00e0 tout mouvement)<\/li>\n\n\n\n<li class=\"has-custom-color-1-color has-text-color has-link-color wp-elements-436cb8b1cd222cfdfaac50874e875a08\">D\u00e9buter imm\u00e9diatement une RCP en r\u00e9p\u00e9tant des cycles de 15 compressions thoraciques suivies de 2 insufflations.<\/li>\n\n\n\n<li class=\"has-custom-color-1-color has-text-color has-link-color wp-elements-cd99da4418968ccb4e2397aaae7d2381\">Demander un renfort m\u00e9dical en urgence absolue.<\/li>\n\n\n\n<li class=\"has-custom-color-1-color has-text-color has-link-color wp-elements-7ead8bc213c95e06744d301643d9a0c4\">Mettre en place le DSA et suivre les indications de l&rsquo;appareil.<\/li>\n\n\n\n<li class=\"has-custom-color-1-color has-text-color has-link-color wp-elements-5700ad81cc8057676cbf517e462d993b\">Poursuivre la RCP jusqu\u2019\u00e0 ce que le DSA demande son interruption (reprendre la RCP imm\u00e9diatement apr\u00e8s la d\u00e9livrance ou non d&rsquo;un choc \u00e9lectrique par le DSA en administrant de l\u2019O2)<\/li>\n\n\n\n<li class=\"has-custom-color-1-color has-text-color has-link-color wp-elements-8e688eb4a8f821873c46826ca8593585\">R\u00e9aliser une aspiration des s\u00e9cr\u00e9tions, si n\u00e9cessaire.<\/li>\n<\/ul>\n\n\n\n<figure class=\"wp-block-image size-large\"><img loading=\"lazy\" decoding=\"async\" width=\"1024\" height=\"503\" src=\"http:\/\/lurgenceenambulance.fr\/wp-content\/uploads\/2025\/06\/Capture-decran-2025-06-10-a-14.30.23-1024x503.png\" alt=\"\" class=\"wp-image-26\" srcset=\"https:\/\/lurgenceenambulance.fr\/wp-content\/uploads\/2025\/06\/Capture-decran-2025-06-10-a-14.30.23-1024x503.png 1024w, https:\/\/lurgenceenambulance.fr\/wp-content\/uploads\/2025\/06\/Capture-decran-2025-06-10-a-14.30.23-300x147.png 300w, https:\/\/lurgenceenambulance.fr\/wp-content\/uploads\/2025\/06\/Capture-decran-2025-06-10-a-14.30.23.png 1164w\" sizes=\"auto, (max-width: 1024px) 100vw, 1024px\" \/><\/figure>\n","protected":false},"excerpt":{"rendered":"<p>Arr\u00eat cardio-respiratoire chez l\u2019adulte: Arr\u00eat cardio-respiratoire chez l\u2019enfant ou le nourrisson:<\/p>\n","protected":false},"author":1,"featured_media":0,"parent":0,"menu_order":0,"comment_status":"closed","ping_status":"closed","template":"","meta":{"footnotes":""},"class_list":["post-25","page","type-page","status-publish","hentry"],"_links":{"self":[{"href":"https:\/\/lurgenceenambulance.fr\/index.php\/wp-json\/wp\/v2\/pages\/25","targetHints":{"allow":["GET"]}}],"collection":[{"href":"https:\/\/lurgenceenambulance.fr\/index.php\/wp-json\/wp\/v2\/pages"}],"about":[{"href":"https:\/\/lurgenceenambulance.fr\/index.php\/wp-json\/wp\/v2\/types\/page"}],"author":[{"embeddable":true,"href":"https:\/\/lurgenceenambulance.fr\/index.php\/wp-json\/wp\/v2\/users\/1"}],"replies":[{"embeddable":true,"href":"https:\/\/lurgenceenambulance.fr\/index.php\/wp-json\/wp\/v2\/comments?post=25"}],"version-history":[{"count":6,"href":"https:\/\/lurgenceenambulance.fr\/index.php\/wp-json\/wp\/v2\/pages\/25\/revisions"}],"predecessor-version":[{"id":75,"href":"https:\/\/lurgenceenambulance.fr\/index.php\/wp-json\/wp\/v2\/pages\/25\/revisions\/75"}],"wp:attachment":[{"href":"https:\/\/lurgenceenambulance.fr\/index.php\/wp-json\/wp\/v2\/media?parent=25"}],"curies":[{"name":"wp","href":"https:\/\/api.w.org\/{rel}","templated":true}]}}